{"id":701,"date":"2020-10-11T17:26:48","date_gmt":"2020-10-11T17:26:48","guid":{"rendered":"https:\/\/imamusica.com.br\/site\/cursoespecializacao-copy\/"},"modified":"2025-01-23T01:02:15","modified_gmt":"2025-01-23T01:02:15","slug":"faculdadeimaelacm","status":"publish","type":"page","link":"https:\/\/imamusica.com.br\/site\/faculdadeimaelacm\/","title":{"rendered":"Faculdade Internacional IMA e LACM"},"content":{"rendered":"<p>[et_pb_section fb_built=&#8221;1&#8243; fullwidth=&#8221;on&#8221; _builder_version=&#8221;4.6.3&#8243; background_image=&#8221;https:\/\/imamusica.com.br\/site\/wp-content\/uploads\/2020\/03\/preto_topp.png&#8221; background_position=&#8221;bottom_center&#8221; custom_padding=&#8221;0px|0px|201px|0px&#8221; hover_enabled=&#8221;0&#8243; custom_padding_last_edited=&#8221;on|phone&#8221; sticky_enabled=&#8221;0&#8243; custom_padding_phone=&#8221;||100px||false|false&#8221;][et_pb_fullwidth_slider _builder_version=&#8221;3.16&#8243; box_shadow_style=&#8221;preset6&#8243; box_shadow_blur=&#8221;10px&#8221; box_shadow_color=&#8221;rgba(0,0,0,0.1)&#8221; button_text_size__hover_enabled=&#8221;off&#8221; button_one_text_size__hover_enabled=&#8221;off&#8221; button_two_text_size__hover_enabled=&#8221;off&#8221; button_text_color__hover_enabled=&#8221;off&#8221; button_one_text_color__hover_enabled=&#8221;off&#8221; button_two_text_color__hover_enabled=&#8221;off&#8221; button_border_width__hover_enabled=&#8221;off&#8221; button_one_border_width__hover_enabled=&#8221;off&#8221; button_two_border_width__hover_enabled=&#8221;off&#8221; button_border_color__hover_enabled=&#8221;off&#8221; button_one_border_color__hover_enabled=&#8221;off&#8221; button_two_border_color__hover_enabled=&#8221;off&#8221; button_border_radius__hover_enabled=&#8221;off&#8221; button_one_border_radius__hover_enabled=&#8221;off&#8221; button_two_border_radius__hover_enabled=&#8221;off&#8221; button_letter_spacing__hover_enabled=&#8221;off&#8221; button_one_letter_spacing__hover_enabled=&#8221;off&#8221; button_two_letter_spacing__hover_enabled=&#8221;off&#8221; button_bg_color__hover_enabled=&#8221;off&#8221; button_one_bg_color__hover_enabled=&#8221;off&#8221; button_two_bg_color__hover_enabled=&#8221;off&#8221;][\/et_pb_fullwidth_slider][et_pb_fullwidth_post_title meta=&#8221;off&#8221; _builder_version=&#8221;4.6.3&#8243; title_font=&#8221;Voces|700|||||||&#8221; title_text_align=&#8221;center&#8221; title_text_color=&#8221;#ffffff&#8221; title_font_size=&#8221;60px&#8221; hover_enabled=&#8221;0&#8243; custom_margin_last_edited=&#8221;on|desktop&#8221; sticky_enabled=&#8221;0&#8243; custom_margin_phone=&#8221;-60px||||false|false&#8221; custom_margin=&#8221;-20px||||false|false&#8221;][\/et_pb_fullwidth_post_title][\/et_pb_section][et_pb_section fb_built=&#8221;1&#8243; _builder_version=&#8221;3.22&#8243; custom_margin=&#8221;||-43px|||&#8221; custom_padding=&#8221;13px|0px|17px|0px||&#8221;][et_pb_row _builder_version=&#8221;4.6.3&#8243; _module_preset=&#8221;default&#8221; custom_padding=&#8221;|||2px||&#8221;][et_pb_column type=&#8221;4_4&#8243; _builder_version=&#8221;4.6.3&#8243; _module_preset=&#8221;default&#8221;][et_pb_text _builder_version=&#8221;4.6.3&#8243; _module_preset=&#8221;default&#8221; inline_fonts=&#8221;Arial&#8221;]<\/p>\n<h2 style=\"text-align: justify;\"><span style=\"font-family: Arial;\">A Faculdade Internacional IMA e Los Angeles College of music oferece cursos de gradua\u00e7\u00e3o com degree certificate, sendo dois anos no IMA e mais dois anos na LACM com in\u00edcio em 2026.<\/span><\/h2>\n<p><span style=\"font-family: Arial;\">\u00a0<\/span><\/p>\n<p><span style=\"font-family: Arial;\">\u00a0<\/span><\/p>\n<h2 style=\"text-align: center;\"><\/h2>\n<h2 style=\"text-align: center;\"><span style=\"font-family: Arial;\">Em breve mais informa\u00e7\u00f5es !!!<\/span><\/h2>\n<p>[\/et_pb_text][\/et_pb_column][\/et_pb_row][et_pb_row _builder_version=&#8221;4.6.3&#8243; _module_preset=&#8221;default&#8221;][et_pb_column type=&#8221;4_4&#8243; _builder_version=&#8221;4.6.3&#8243; _module_preset=&#8221;default&#8221;][et_pb_button button_url=&#8221;https:\/\/api.whatsapp.com\/send?phone=5514997755927&#038;text=Ol\u00e1!%20Pesquisei%20no%20site%20e%20Gostaria%20de%20saber%20mais%20informa\u00e7\u00f5es%20sobre%20a%20faculdade.&#8221; url_new_window=&#8221;on&#8221; button_text=&#8221;Chame no WhatsApp!&#8221; button_alignment=&#8221;center&#8221; _builder_version=&#8221;4.6.3&#8243; _module_preset=&#8221;default&#8221; custom_button=&#8221;on&#8221; button_text_color=&#8221;#ffffff&#8221; button_bg_color=&#8221;#7cda24&#8243; button_border_radius=&#8221;7px&#8221; button_font=&#8221;|800|||||||&#8221; hover_enabled=&#8221;0&#8243; background_layout_tablet=&#8221;&#8221; background_layout_phone=&#8221;dark&#8221; background_layout_last_edited=&#8221;on|phone&#8221; button_text_size_last_edited=&#8221;on|desktop&#8221; sticky_enabled=&#8221;0&#8243; button_text_size=&#8221;31px&#8221; button_text_size_phone=&#8221;23px&#8221;][\/et_pb_button][\/et_pb_column][\/et_pb_row][\/et_pb_section][et_pb_section fb_built=&#8221;1&#8243; module_id=&#8221;contato&#8221; _builder_version=&#8221;4.6.3&#8243; background_color=&#8221;rgba(178,178,178,0.16)&#8221; background_image=&#8221;https:\/\/imamusica.com.br\/site\/wp-content\/uploads\/2020\/03\/preto.png&#8221; background_position=&#8221;top_center&#8221; min_height=&#8221;524px&#8221; custom_margin=&#8221;4px|||||&#8221; custom_padding=&#8221;0px|0px|0px|0px||&#8221; hover_enabled=&#8221;0&#8243; custom_margin_last_edited=&#8221;on|desktop&#8221; sticky_enabled=&#8221;0&#8243; custom_margin_phone=&#8221;-60px||||false|false&#8221;][et_pb_row _builder_version=&#8221;3.25&#8243; background_size=&#8221;initial&#8221; background_position=&#8221;top_left&#8221; background_repeat=&#8221;repeat&#8221; custom_padding=&#8221;156px|0px|0px|0px||&#8221;][et_pb_column type=&#8221;4_4&#8243; _builder_version=&#8221;3.25&#8243; custom_padding=&#8221;|||&#8221; custom_padding__hover=&#8221;|||&#8221;][et_pb_signup provider=&#8221;mailpoet&#8221; mailpoet_list=&#8221;IMA|3&#8243; name_field=&#8221;on&#8221; success_message=&#8221;Sucesso!&#8221; title=&#8221;Receba Novidades!&#8221; button_text=&#8221;Inscrever-se!&#8221; description=&#8221;<\/p>\n<p>Cadastre o seu E-Mail e receber novidades da IMA!<br \/> Preencha com seus dados corretamente.<\/p>\n<p>&#8221; _builder_version=&#8221;4.6.3&#8243; header_font=&#8221;Voces|700|||||||&#8221; header_font_size=&#8221;44px&#8221; body_font=&#8221;Voces||||||||&#8221; body_font_size=&#8221;19px&#8221; background_color=&#8221;rgba(126,190,197,0)&#8221; custom_padding=&#8221;100px||||false|false&#8221; hover_enabled=&#8221;0&#8243; header_font_size_tablet=&#8221;&#8221; header_font_size_phone=&#8221;27px&#8221; header_font_size_last_edited=&#8221;on|desktop&#8221; result_message_font_size_tablet=&#8221;51&#8243; result_message_line_height_tablet=&#8221;2&#8243; button_text_size__hover_enabled=&#8221;off&#8221; button_one_text_size__hover_enabled=&#8221;off&#8221; button_two_text_size__hover_enabled=&#8221;off&#8221; button_text_color__hover_enabled=&#8221;off&#8221; button_one_text_color__hover_enabled=&#8221;off&#8221; button_two_text_color__hover_enabled=&#8221;off&#8221; button_border_width__hover_enabled=&#8221;off&#8221; button_one_border_width__hover_enabled=&#8221;off&#8221; button_two_border_width__hover_enabled=&#8221;off&#8221; button_border_color__hover_enabled=&#8221;off&#8221; button_one_border_color__hover_enabled=&#8221;off&#8221; button_two_border_color__hover_enabled=&#8221;off&#8221; button_border_radius__hover_enabled=&#8221;off&#8221; button_one_border_radius__hover_enabled=&#8221;off&#8221; button_two_border_radius__hover_enabled=&#8221;off&#8221; button_letter_spacing__hover_enabled=&#8221;off&#8221; button_one_letter_spacing__hover_enabled=&#8221;off&#8221; button_two_letter_spacing__hover_enabled=&#8221;off&#8221; button_bg_color__hover_enabled=&#8221;off&#8221; button_one_bg_color__hover_enabled=&#8221;off&#8221; button_two_bg_color__hover_enabled=&#8221;off&#8221; custom_margin_last_edited=&#8221;on|phone&#8221; sticky_enabled=&#8221;0&#8243; custom_margin=&#8221;||||false|false&#8221; custom_padding_last_edited=&#8221;on|desktop&#8221; custom_padding_phone=&#8221;50px||||false|false&#8221;]<\/p>\n<p>\u00a0<\/p>\n<p>Cadastre o seu E-Mail e receber novidades da IMA!<br \/>Preencha com seus dados corretamente.<\/p>\n<p>[\/et_pb_signup][\/et_pb_column][\/et_pb_row][\/et_pb_section]<\/p>\n<div style=\"padding-bottom:20px; padding-top:10px;\" class=\"hupso-share-buttons\"><!-- Hupso Share Buttons - https:\/\/www.hupso.com\/share\/ --><a class=\"hupso_counters\" href=\"https:\/\/www.hupso.com\/share\/\"><img decoding=\"async\" src=\"https:\/\/static.hupso.com\/share\/buttons\/dot.png\" style=\"border:0px; padding-top:2px; float:left;\" alt=\"Share Button\"\/><\/a><script type=\"text\/javascript\">var hupso_services_c=new Array();var hupso_counters_lang = \"pt_BR\";var hupso_image_folder_url = \"\";var hupso_url_c=\"\";<\/script><script type=\"text\/javascript\" src=\"https:\/\/static.hupso.com\/share\/js\/counters.js\"><\/script><!-- Hupso Share Buttons --><\/div>","protected":false},"excerpt":{"rendered":"<p>A Faculdade Internacional IMA e Los Angeles College of music oferece cursos de gradua\u00e7\u00e3o com degree certificate, sendo dois anos no IMA e mais dois anos na LACM com in\u00edcio em 2026. \u00a0 \u00a0 Em breve mais informa\u00e7\u00f5es !!!\u00a0 Cadastre o seu E-Mail e receber novidades da IMA!Preencha com seus dados corretamente.<\/p>\n","protected":false},"author":1,"featured_media":0,"parent":0,"menu_order":0,"comment_status":"closed","ping_status":"closed","template":"","meta":{"_et_pb_use_builder":"on","_et_pb_old_content":"","_et_gb_content_width":"","_monsterinsights_skip_tracking":false,"_monsterinsights_sitenote_active":false,"_monsterinsights_sitenote_note":"","_monsterinsights_sitenote_category":0,"footnotes":""},"class_list":["post-701","page","type-page","status-publish","hentry"],"_links":{"self":[{"href":"https:\/\/imamusica.com.br\/site\/wp-json\/wp\/v2\/pages\/701","targetHints":{"allow":["GET"]}}],"collection":[{"href":"https:\/\/imamusica.com.br\/site\/wp-json\/wp\/v2\/pages"}],"about":[{"href":"https:\/\/imamusica.com.br\/site\/wp-json\/wp\/v2\/types\/page"}],"author":[{"embeddable":true,"href":"https:\/\/imamusica.com.br\/site\/wp-json\/wp\/v2\/users\/1"}],"replies":[{"embeddable":true,"href":"https:\/\/imamusica.com.br\/site\/wp-json\/wp\/v2\/comments?post=701"}],"version-history":[{"count":22,"href":"https:\/\/imamusica.com.br\/site\/wp-json\/wp\/v2\/pages\/701\/revisions"}],"predecessor-version":[{"id":2048,"href":"https:\/\/imamusica.com.br\/site\/wp-json\/wp\/v2\/pages\/701\/revisions\/2048"}],"wp:attachment":[{"href":"https:\/\/imamusica.com.br\/site\/wp-json\/wp\/v2\/media?parent=701"}],"curies":[{"name":"wp","href":"https:\/\/api.w.org\/{rel}","templated":true}]}}