{"id":696,"date":"2020-10-11T17:16:34","date_gmt":"2020-10-11T17:16:34","guid":{"rendered":"https:\/\/imamusica.com.br\/site\/cursoespecializacao-copy\/"},"modified":"2025-01-23T01:37:35","modified_gmt":"2025-01-23T01:37:35","slug":"cursolivre","status":"publish","type":"page","link":"https:\/\/imamusica.com.br\/site\/cursolivre\/","title":{"rendered":"Curso Livre"},"content":{"rendered":"<p>[et_pb_section fb_built=&#8221;1&#8243; fullwidth=&#8221;on&#8221; custom_padding_last_edited=&#8221;on|phone&#8221; _builder_version=&#8221;4.6.3&#8243; background_image=&#8221;https:\/\/imamusica.com.br\/site\/wp-content\/uploads\/2020\/03\/preto_topp.png&#8221; background_position=&#8221;bottom_center&#8221; min_height=&#8221;214px&#8221; custom_margin_tablet=&#8221;&#8221; custom_margin_phone=&#8221;0px||||false|false&#8221; custom_margin_last_edited=&#8221;on|phone&#8221; custom_padding=&#8221;0px|0px|200px|0px|false|false&#8221; custom_padding_tablet=&#8221;&#8221; custom_padding_phone=&#8221;||140px||false|false&#8221;][et_pb_fullwidth_slider _builder_version=&#8221;3.16&#8243; box_shadow_style=&#8221;preset6&#8243; box_shadow_blur=&#8221;10px&#8221; box_shadow_color=&#8221;rgba(0,0,0,0.1)&#8221; button_text_size__hover_enabled=&#8221;off&#8221; button_one_text_size__hover_enabled=&#8221;off&#8221; button_two_text_size__hover_enabled=&#8221;off&#8221; button_text_color__hover_enabled=&#8221;off&#8221; button_one_text_color__hover_enabled=&#8221;off&#8221; button_two_text_color__hover_enabled=&#8221;off&#8221; button_border_width__hover_enabled=&#8221;off&#8221; button_one_border_width__hover_enabled=&#8221;off&#8221; button_two_border_width__hover_enabled=&#8221;off&#8221; button_border_color__hover_enabled=&#8221;off&#8221; button_one_border_color__hover_enabled=&#8221;off&#8221; button_two_border_color__hover_enabled=&#8221;off&#8221; button_border_radius__hover_enabled=&#8221;off&#8221; button_one_border_radius__hover_enabled=&#8221;off&#8221; button_two_border_radius__hover_enabled=&#8221;off&#8221; button_letter_spacing__hover_enabled=&#8221;off&#8221; button_one_letter_spacing__hover_enabled=&#8221;off&#8221; button_two_letter_spacing__hover_enabled=&#8221;off&#8221; button_bg_color__hover_enabled=&#8221;off&#8221; button_one_bg_color__hover_enabled=&#8221;off&#8221; button_two_bg_color__hover_enabled=&#8221;off&#8221;][\/et_pb_fullwidth_slider][et_pb_fullwidth_post_title meta=&#8221;off&#8221; _builder_version=&#8221;4.6.3&#8243; title_font=&#8221;Voces|700|||||||&#8221; title_text_align=&#8221;center&#8221; title_text_color=&#8221;#ffffff&#8221; title_font_size=&#8221;60px&#8221; custom_margin=&#8221;-71px|||||&#8221; custom_margin_tablet=&#8221;&#8221; custom_margin_phone=&#8221;-50px||||false|false&#8221; custom_margin_last_edited=&#8221;on|desktop&#8221;][\/et_pb_fullwidth_post_title][\/et_pb_section][et_pb_section fb_built=&#8221;1&#8243; _builder_version=&#8221;4.6.3&#8243; min_height=&#8221;1636px&#8221; min_height_tablet=&#8221;&#8221; min_height_phone=&#8221;&#8221; min_height_last_edited=&#8221;on|desktop&#8221; custom_margin=&#8221;-101px|||||&#8221; custom_padding=&#8221;20px|0px|0px|0px||&#8221;][et_pb_row _builder_version=&#8221;3.25&#8243; custom_padding=&#8221;10px|0px|9px|0px||&#8221;][et_pb_column type=&#8221;4_4&#8243; _builder_version=&#8221;3.25&#8243; custom_padding=&#8221;|||&#8221; custom_padding__hover=&#8221;|||&#8221;][et_pb_text _builder_version=&#8221;4.6.3&#8243;]<\/p>\n<p style=\"text-align: justify;\">No Curso livre podem ser feitos de forma presencial ou online. As aulas s\u00e3o customizadas de acordo com a\u00a0necessidade individual do\u00a0aluno, onde aprender\u00e1 o que\u00a0realmente precisa para\u00a0o seu desenvolvimento.\u00a0Ao se matricular\u00a0o aluno\u00a0passar\u00e1 por uma avalia\u00e7\u00e3o feita pelo professor do curso escolhido, onde ser\u00e1\u00a0analisado seu\u00a0n\u00edvel de conhecimento geral para que sejam tra\u00e7ados\u00a0e\u00a0planejados os estudos que dever\u00e3o ser aplicados.<\/p>\n<p style=\"text-align: justify;\">No IMA pensamos em uma grade de aulas completa buscando um melhor aprendizado para nossos alunos. Al\u00e9m da aula pr\u00e1tica oferecemos outras tr\u00eas aulas para complementar o aprendizado, sendo assim nossos alunos podem fazer at\u00e9 04 aulas por semana, sendo elas:<\/p>\n<p>[\/et_pb_text][et_pb_text _builder_version=&#8221;4.6.3&#8243; _module_preset=&#8221;default&#8221; text_font=&#8221;|800|||||||&#8221; text_text_color=&#8221;#e02b20&#8243; text_font_size=&#8221;30px&#8221;]<\/p>\n<p>Aula Pr\u00e1tica<\/p>\n<p>[\/et_pb_text][et_pb_text _builder_version=&#8221;4.6.3&#8243; _module_preset=&#8221;default&#8221;]<\/p>\n<p style=\"text-align: justify;\">Aqui o aluno ter\u00e1 o contato com seu instrumento e ir\u00e1 p\u00f4r em pr\u00e1tica toda teoria aprendida. Caber\u00e1 ao professor elaborar as diretrizes necess\u00e1rias para o desenvolvimento do aluno, como assuntos a serem abordados, exerc\u00edcios \u00a0a serem realizados, tarefas para estudar, de forma que o aluno evolua! As aulas s\u00e3o individuais ou em dupla, o que da mais privacidade e comodidade ao (s) aluno (s) e garante mais aten\u00e7\u00e3o por parte do professor!<\/p>\n<p>Aulas semanais, com dura\u00e7\u00e3o de 40 minutos e professor exclusivo!<\/p>\n<p>[\/et_pb_text][\/et_pb_column][\/et_pb_row][et_pb_row _builder_version=&#8221;4.6.3&#8243; _module_preset=&#8221;default&#8221;][et_pb_column type=&#8221;4_4&#8243; _builder_version=&#8221;4.6.3&#8243; _module_preset=&#8221;default&#8221;][et_pb_text _builder_version=&#8221;4.6.3&#8243; _module_preset=&#8221;default&#8221; text_font=&#8221;|800|||||||&#8221; text_text_color=&#8221;#e02b20&#8243; text_font_size=&#8221;30px&#8221;]<\/p>\n<p>Aula Te\u00f3rica\u00a0<\/p>\n<p>[\/et_pb_text][et_pb_text _builder_version=&#8221;4.6.3&#8243; _module_preset=&#8221;default&#8221;]<\/p>\n<p style=\"text-align: justify;\">O aluno aprender\u00e1 todos os conceitos te\u00f3ricos necess\u00e1rios para uma boa leitura e escrita. Visando sempre ampliar e enriquecer\u00a0o seu n\u00edvel de conhecimento e entendimento musical. Acreditamos que t\u00e3o importante quanto\u00a0o desenvolvimento pr\u00e1tico, tamb\u00e9m \u00e9 o te\u00f3rico e neste curso o aluno\u00a0aprender\u00e1\u00a0os conceitos b\u00e1sicos sobre m\u00fasica, como: Formas de compasso, leitura r\u00edtmica, valores, escalas, intervalos, forma\u00e7\u00e3o de acordes, campos harm\u00f4nicos e modos gregos.<\/p>\n<p>\u00a0As aulas s\u00e3o\u00a0semanais\u00a0e tem dura\u00e7\u00e3o de 40 minutos, realizadas em grupo, acompanhadas por uma apostila\u00a0e ministradas por um professor espec\u00edfico.<\/p>\n<p>[\/et_pb_text][et_pb_text _builder_version=&#8221;4.6.3&#8243; _module_preset=&#8221;default&#8221; text_font=&#8221;|800|||||||&#8221; text_text_color=&#8221;#e02b20&#8243; text_font_size=&#8221;30px&#8221;]<\/p>\n<p style=\"text-align: left;\">Aula R\u00edtmica<\/p>\n<p>[\/et_pb_text][et_pb_text _builder_version=&#8221;4.6.3&#8243; _module_preset=&#8221;default&#8221;]<\/p>\n<p style=\"text-align: justify;\">O qu\u00ea \u00e9 ritmo? Quais s\u00e3o os ritmos existentes? Por\u00a0qu\u00ea e para qu\u00ea\u00a0eu preciso entender sobre ritmo, se toco um instrumento mel\u00f3dico? (Apenas um ex.). Qual a diferen\u00e7a entre melodia e ritmo? Qual a import\u00e2ncia em saber tocar v\u00e1rios ritmos?<\/p>\n<p style=\"text-align: justify;\">\u00a0Essas e outras perguntas ser\u00e3o respondidas na Aula R\u00edtmica! Com uma did\u00e1tica te\u00f3rica, pr\u00e1tica e exerc\u00edcios din\u00e2micos as aulas s\u00e3o semanais, em grupo, com dura\u00e7\u00e3o de 40 minutos e ministradas por um professor.\u00a0<\/p>\n<p>[\/et_pb_text][et_pb_text _builder_version=&#8221;4.6.3&#8243; _module_preset=&#8221;default&#8221; text_font=&#8221;|800|||||||&#8221; text_text_color=&#8221;#e02b20&#8243; text_font_size=&#8221;30px&#8221; custom_padding=&#8221;|||0px||&#8221;]<\/p>\n<p style=\"text-align: left;\">Pr\u00e1tica em Banda<\/p>\n<p>[\/et_pb_text][et_pb_text _builder_version=&#8221;4.6.3&#8243; _module_preset=&#8221;default&#8221;]<\/p>\n<p style=\"text-align: justify;\">Onde os alunos de canto e de instrumento ir\u00e3o poder colocar em pr\u00e1tica tudo que foi aprendido em sala de aula e interagirem uns com os outros, podendo compartilhar e adquirir\u00a0outros conhecimentos fundamentais para trabalharem em grupo. O objetivo \u00e9 capacitar o aluno, para que possa estar apto a ingressar no mercado musical, seja em shows, pequenas apresenta\u00e7\u00f5es, bandas, igrejas ou grava\u00e7\u00f5es.\u00a0<\/p>\n<p style=\"text-align: justify;\">\u00a0As bandas ser\u00e3o\u00a0formadas por alunos, cada um de um instrumento distinto (as configura\u00e7\u00f5es de cada banda podem variar) e um ou mais cantores. As aulas s\u00e3o semanais, com dura\u00e7\u00e3o de 40 minutos e coordena\u00e7\u00e3o de um professor.\u00a0<\/p>\n<p style=\"text-align: justify;\">\u00a0\u00a0Para maiores informa\u00e7\u00f5es, visite nosso instituto! Venha conhecer nossa estrutura e obter informa\u00e7\u00f5es mais detalhadas sobre o curso. Teremos o maior prazer em receb\u00ea-lo! Aguardamos\u00a0a sua visita!\u00a0<\/p>\n<p>[\/et_pb_text][\/et_pb_column][\/et_pb_row][et_pb_row _builder_version=&#8221;4.6.3&#8243; _module_preset=&#8221;default&#8221; custom_padding=&#8221;||12px|||&#8221;][et_pb_column type=&#8221;4_4&#8243; _builder_version=&#8221;4.6.3&#8243; _module_preset=&#8221;default&#8221;][et_pb_text _builder_version=&#8221;4.6.3&#8243; _module_preset=&#8221;default&#8221; text_font=&#8221;|800|||||||&#8221; text_text_color=&#8221;#e02b20&#8243; text_font_size=&#8221;30px&#8221; text_orientation=&#8221;center&#8221;]<\/p>\n<p>Cursos oferecidos:<\/p>\n<p>[\/et_pb_text][\/et_pb_column][\/et_pb_row][et_pb_row column_structure=&#8221;1_2,1_2&#8243; _builder_version=&#8221;4.6.3&#8243; _module_preset=&#8221;default&#8221; max_width=&#8221;630px&#8221; module_alignment=&#8221;center&#8221;][et_pb_column type=&#8221;1_2&#8243; _builder_version=&#8221;4.6.3&#8243; _module_preset=&#8221;default&#8221;][et_pb_text _builder_version=&#8221;4.6.3&#8243; _module_preset=&#8221;default&#8221; text_font=&#8221;|800|||||||&#8221; text_font_size=&#8221;20px&#8221;]<\/p>\n<p>\u2022 Canto<\/p>\n<p>\u2022 Piano<\/p>\n<p>\u2022 Teclado<\/p>\n<p>\u2022 Bateria\u00a0<\/p>\n<p>\u2022 Contrabaixo<\/p>\n<p>\u2022 Viol\u00e3o<\/p>\n<p>\u2022 Guitarra<\/p>\n<p>\u2022 Ukulele<\/p>\n<p>\u2022 Violino<\/p>\n<p>\u2022 Musicaliza\u00e7\u00e3o Infantil<\/p>\n<p>&nbsp;<\/p>\n<p>[\/et_pb_text][\/et_pb_column][et_pb_column type=&#8221;1_2&#8243; _builder_version=&#8221;4.6.3&#8243; _module_preset=&#8221;default&#8221;][\/et_pb_column][\/et_pb_row][\/et_pb_section][et_pb_section fb_built=&#8221;1&#8243; _builder_version=&#8221;4.6.3&#8243; _module_preset=&#8221;default&#8221; min_height=&#8221;221px&#8221; custom_margin=&#8221;-72px|||||&#8221; custom_padding=&#8221;34px||0px|||&#8221;][et_pb_row _builder_version=&#8221;4.6.3&#8243; _module_preset=&#8221;default&#8221; min_height=&#8221;90px&#8221; custom_margin=&#8221;|auto|63px|auto||&#8221;][et_pb_column type=&#8221;4_4&#8243; _builder_version=&#8221;4.6.3&#8243; _module_preset=&#8221;default&#8221;][et_pb_text _builder_version=&#8221;4.6.3&#8243; text_font=&#8221;Voces|700|||||||&#8221; text_text_color=&#8221;#0c0c0c&#8221; text_font_size=&#8221;28px&#8221; text_letter_spacing=&#8221;1px&#8221; text_orientation=&#8221;center&#8221;]<\/p>\n<p>Matricule-se j\u00e1!<\/p>\n<p> (14) 3881-0042<\/p>\n<p>[\/et_pb_text][et_pb_button button_url=&#8221;https:\/\/api.whatsapp.com\/send?phone=5514997755927&#038;text=Ol\u00e1!%20Vim%20pelo%20site%20e%20Gostaria%20de%20agendar%20primeira%20aula%20gratuita&#8221; url_new_window=&#8221;on&#8221; button_text=&#8221;Chame no WhatsApp !!&#8221; button_alignment=&#8221;center&#8221; button_text_tablet=&#8221;&#8221; button_text_phone=&#8221;Chame no WhatsApp&#8221; button_text_last_edited=&#8221;on|phone&#8221; button_alignment_tablet=&#8221;&#8221; button_alignment_phone=&#8221;center&#8221; button_alignment_last_edited=&#8221;on|phone&#8221; _builder_version=&#8221;4.6.3&#8243; _module_preset=&#8221;default&#8221; custom_button=&#8221;on&#8221; button_text_size=&#8221;29px&#8221; button_bg_color=&#8221;#7cda24&#8243; button_border_radius=&#8221;9px&#8221; button_letter_spacing=&#8221;1px&#8221; button_font=&#8221;|800|||||||&#8221; button_icon=&#8221;%%264%%&#8221; button_icon_placement=&#8221;left&#8221; button_on_hover=&#8221;off&#8221; background_layout=&#8221;dark&#8221; custom_margin=&#8221;78px|||||&#8221; custom_padding=&#8221;4px|13px||50px|false|false&#8221; hover_enabled=&#8221;0&#8243; button_text_size_tablet=&#8221;&#8221; button_text_size_phone=&#8221;20px&#8221; button_text_size_last_edited=&#8221;on|phone&#8221; button_bg_color_tablet=&#8221;&#8221; button_bg_color_phone=&#8221;&#8221; button_bg_color_last_edited=&#8221;on|phone&#8221; button_icon_color_tablet=&#8221;&#8221; button_icon_color_phone=&#8221;&#8221; button_icon_color_last_edited=&#8221;on|phone&#8221; background_layout_tablet=&#8221;&#8221; background_layout_phone=&#8221;&#8221; background_layout_last_edited=&#8221;on|phone&#8221; custom_padding_last_edited=&#8221;on|desktop&#8221; sticky_enabled=&#8221;0&#8243;][\/et_pb_button][\/et_pb_column][\/et_pb_row][\/et_pb_section][et_pb_section fb_built=&#8221;1&#8243; module_id=&#8221;contato&#8221; _builder_version=&#8221;4.6.3&#8243; background_color=&#8221;rgba(178,178,178,0.16)&#8221; background_image=&#8221;https:\/\/imamusica.com.br\/site\/wp-content\/uploads\/2020\/03\/preto.png&#8221; background_position=&#8221;top_center&#8221; min_height=&#8221;646px&#8221; custom_margin=&#8221;0px|||||&#8221; custom_margin_tablet=&#8221;&#8221; custom_margin_phone=&#8221;-100px||||false|false&#8221; custom_margin_last_edited=&#8221;on|desktop&#8221; custom_padding=&#8221;8px|0px|0px|0px|false|false&#8221;][et_pb_row _builder_version=&#8221;3.25&#8243; background_size=&#8221;initial&#8221; background_position=&#8221;top_left&#8221; background_repeat=&#8221;repeat&#8221; custom_padding=&#8221;156px|0px|27px|0px&#8221;][et_pb_column type=&#8221;4_4&#8243; _builder_version=&#8221;3.25&#8243; custom_padding=&#8221;|||&#8221; custom_padding__hover=&#8221;|||&#8221;][et_pb_signup provider=&#8221;mailpoet&#8221; mailpoet_list=&#8221;IMA|3&#8243; name_field=&#8221;on&#8221; success_message=&#8221;Sucesso!&#8221; title=&#8221;Receba Novidades!&#8221; button_text=&#8221;Inscrever-se!&#8221; description=&#8221;<\/p>\n<\/p>\n<p>Cadastre o seu E-Mail e receber novidades da IMA!<br \/>Preencha com seus dados corretamente.<\/p>\n<p>&#8221; _builder_version=&#8221;3.23&#8243; header_font=&#8221;Voces|700|||||||&#8221; header_font_size=&#8221;44px&#8221; body_font=&#8221;Voces||||||||&#8221; body_font_size=&#8221;19px&#8221; background_color=&#8221;rgba(126,190,197,0)&#8221; header_font_size_tablet=&#8221;&#8221; header_font_size_phone=&#8221;27px&#8221; header_font_size_last_edited=&#8221;on|desktop&#8221; result_message_font_size_tablet=&#8221;51&#8243; result_message_line_height_tablet=&#8221;2&#8243; button_text_size__hover_enabled=&#8221;off&#8221; button_one_text_size__hover_enabled=&#8221;off&#8221; button_two_text_size__hover_enabled=&#8221;off&#8221; button_text_color__hover_enabled=&#8221;off&#8221; button_one_text_color__hover_enabled=&#8221;off&#8221; button_two_text_color__hover_enabled=&#8221;off&#8221; button_border_width__hover_enabled=&#8221;off&#8221; button_one_border_width__hover_enabled=&#8221;off&#8221; button_two_border_width__hover_enabled=&#8221;off&#8221; button_border_color__hover_enabled=&#8221;off&#8221; button_one_border_color__hover_enabled=&#8221;off&#8221; button_two_border_color__hover_enabled=&#8221;off&#8221; button_border_radius__hover_enabled=&#8221;off&#8221; button_one_border_radius__hover_enabled=&#8221;off&#8221; button_two_border_radius__hover_enabled=&#8221;off&#8221; button_letter_spacing__hover_enabled=&#8221;off&#8221; button_one_letter_spacing__hover_enabled=&#8221;off&#8221; button_two_letter_spacing__hover_enabled=&#8221;off&#8221; button_bg_color__hover_enabled=&#8221;off&#8221; button_one_bg_color__hover_enabled=&#8221;off&#8221; button_two_bg_color__hover_enabled=&#8221;off&#8221;]<\/p>\n<p>\u00a0<\/p>\n<p>Cadastre o seu E-Mail e receber novidades da IMA!<br \/>Preencha com seus dados corretamente.<\/p>\n<p>[\/et_pb_signup][\/et_pb_column][\/et_pb_row][\/et_pb_section]<\/p>\n<div style=\"padding-bottom:20px; padding-top:10px;\" class=\"hupso-share-buttons\"><!-- Hupso Share Buttons - https:\/\/www.hupso.com\/share\/ --><a class=\"hupso_counters\" href=\"https:\/\/www.hupso.com\/share\/\"><img decoding=\"async\" src=\"https:\/\/static.hupso.com\/share\/buttons\/dot.png\" style=\"border:0px; padding-top:2px; float:left;\" alt=\"Share Button\"\/><\/a><script type=\"text\/javascript\">var hupso_services_c=new Array();var hupso_counters_lang = \"pt_BR\";var hupso_image_folder_url = \"\";var hupso_url_c=\"\";<\/script><script type=\"text\/javascript\" src=\"https:\/\/static.hupso.com\/share\/js\/counters.js\"><\/script><!-- Hupso Share Buttons --><\/div>","protected":false},"excerpt":{"rendered":"<p>No Curso livre podem ser feitos de forma presencial ou online. As aulas s\u00e3o customizadas de acordo com a\u00a0necessidade individual do\u00a0aluno, onde aprender\u00e1 o que\u00a0realmente precisa para\u00a0o seu desenvolvimento.\u00a0Ao se matricular\u00a0o aluno\u00a0passar\u00e1 por uma avalia\u00e7\u00e3o feita pelo professor do curso escolhido, onde ser\u00e1\u00a0analisado seu\u00a0n\u00edvel de conhecimento geral para que sejam tra\u00e7ados\u00a0e\u00a0planejados os estudos que dever\u00e3o [&hellip;]<\/p>\n","protected":false},"author":1,"featured_media":0,"parent":0,"menu_order":0,"comment_status":"closed","ping_status":"closed","template":"","meta":{"_et_pb_use_builder":"on","_et_pb_old_content":"","_et_gb_content_width":"","_monsterinsights_skip_tracking":false,"_monsterinsights_sitenote_active":false,"_monsterinsights_sitenote_note":"","_monsterinsights_sitenote_category":0,"footnotes":""},"class_list":["post-696","page","type-page","status-publish","hentry"],"_links":{"self":[{"href":"https:\/\/imamusica.com.br\/site\/wp-json\/wp\/v2\/pages\/696","targetHints":{"allow":["GET"]}}],"collection":[{"href":"https:\/\/imamusica.com.br\/site\/wp-json\/wp\/v2\/pages"}],"about":[{"href":"https:\/\/imamusica.com.br\/site\/wp-json\/wp\/v2\/types\/page"}],"author":[{"embeddable":true,"href":"https:\/\/imamusica.com.br\/site\/wp-json\/wp\/v2\/users\/1"}],"replies":[{"embeddable":true,"href":"https:\/\/imamusica.com.br\/site\/wp-json\/wp\/v2\/comments?post=696"}],"version-history":[{"count":41,"href":"https:\/\/imamusica.com.br\/site\/wp-json\/wp\/v2\/pages\/696\/revisions"}],"predecessor-version":[{"id":2072,"href":"https:\/\/imamusica.com.br\/site\/wp-json\/wp\/v2\/pages\/696\/revisions\/2072"}],"wp:attachment":[{"href":"https:\/\/imamusica.com.br\/site\/wp-json\/wp\/v2\/media?parent=696"}],"curies":[{"name":"wp","href":"https:\/\/api.w.org\/{rel}","templated":true}]}}