{"id":1444,"date":"2025-01-08T17:44:22","date_gmt":"2025-01-08T17:44:22","guid":{"rendered":"https:\/\/imamusica.com.br\/site\/home-copy-4\/"},"modified":"2025-01-23T01:35:15","modified_gmt":"2025-01-23T01:35:15","slug":"home-copy-4","status":"publish","type":"page","link":"https:\/\/imamusica.com.br\/site\/","title":{"rendered":"Home"},"content":{"rendered":"<p>[et_pb_section fb_built=&#8221;1&#8243; specialty=&#8221;on&#8221; _builder_version=&#8221;4.6.3&#8243; _module_preset=&#8221;default&#8221; background_color=&#8221;#000000&#8243; background_color_gradient_direction=&#8221;181deg&#8221; background_image=&#8221;https:\/\/imamusica.com.br\/site\/wp-content\/uploads\/2025\/01\/WhatsApp-Image-2025-01-19-at-12.38.39.jpeg&#8221; background_size=&#8221;contain&#8221; min_height=&#8221;174px&#8221; custom_margin=&#8221;-20px||-12px||false|false&#8221; custom_margin_tablet=&#8221;&#8221; custom_margin_phone=&#8221;-30px||||false|false&#8221; custom_margin_last_edited=&#8221;on|phone&#8221; custom_padding=&#8221;50px|0px|0px||false|false&#8221;][et_pb_column type=&#8221;1_2&#8243; _builder_version=&#8221;3.25&#8243; custom_padding=&#8221;|||&#8221; custom_padding__hover=&#8221;|||&#8221;][\/et_pb_column][et_pb_column type=&#8221;1_2&#8243; specialty_columns=&#8221;2&#8243; _builder_version=&#8221;3.25&#8243; custom_padding=&#8221;|||&#8221; custom_padding__hover=&#8221;|||&#8221;][\/et_pb_column][\/et_pb_section][et_pb_section fb_built=&#8221;1&#8243; _builder_version=&#8221;4.6.3&#8243; _module_preset=&#8221;default&#8221; background_color=&#8221;#000000&#8243; use_background_color_gradient=&#8221;on&#8221; background_color_gradient_start=&#8221;#000000&#8243; background_color_gradient_end=&#8221;#ffffff&#8221; width_tablet=&#8221;&#8221; width_phone=&#8221;100%&#8221; width_last_edited=&#8221;on|phone&#8221; min_height_tablet=&#8221;&#8221; min_height_phone=&#8221;847px&#8221; min_height_last_edited=&#8221;on|phone&#8221; height_tablet=&#8221;&#8221; height_phone=&#8221;1000px&#8221; height_last_edited=&#8221;on|phone&#8221; max_height_tablet=&#8221;&#8221; max_height_phone=&#8221;1000px&#8221; max_height_last_edited=&#8221;on|phone&#8221; custom_margin_tablet=&#8221;&#8221; custom_margin_phone=&#8221;-10px||-250px||false|false&#8221; custom_margin_last_edited=&#8221;on|phone&#8221; custom_padding=&#8221;||||false|false&#8221;][et_pb_row column_structure=&#8221;1_3,1_3,1_3&#8243; _builder_version=&#8221;4.6.3&#8243; _module_preset=&#8221;default&#8221; custom_margin_tablet=&#8221;&#8221; custom_margin_phone=&#8221;-70px||||false|false&#8221; custom_margin_last_edited=&#8221;on|phone&#8221;][et_pb_column type=&#8221;1_3&#8243; _builder_version=&#8221;4.6.3&#8243; _module_preset=&#8221;default&#8221;][et_pb_text content_tablet=&#8221;&#8221; content_phone=&#8221;<\/p>\n<h3 style=%22text-align: center;%22><span style=%22color: #ffffff;%22><strong>Curso Livre<\/strong><\/span><\/h3>\n<p>&#8221; content_last_edited=&#8221;on|phone&#8221; _builder_version=&#8221;4.6.3&#8243; _module_preset=&#8221;default&#8221; custom_margin=&#8221;0px||0px||false|false&#8221; custom_padding=&#8221;||0px|0px||&#8221;]<\/p>\n<h3 style=\"text-align: center;\"><span style=\"color: #ffffff;\"><strong>Curso Livre<\/strong><\/span><\/h3>\n<p>[\/et_pb_text][et_pb_image src=&#8221;https:\/\/imamusica.com.br\/site\/wp-content\/uploads\/2025\/01\/PHOTO-2025-01-08-19-18-36.jpg&#8221; title_text=&#8221;PHOTO-2025-01-08-19-18-36&#8243; url=&#8221;https:\/\/imamusica.com.br\/site\/cursolivre\/&#8221; url_new_window=&#8221;on&#8221; align=&#8221;center&#8221; _builder_version=&#8221;4.6.3&#8243; _module_preset=&#8221;default&#8221; width=&#8221;63%&#8221; min_height=&#8221;108px&#8221; custom_padding=&#8221;0px|0px|0px|||&#8221;][\/et_pb_image][\/et_pb_column][et_pb_column type=&#8221;1_3&#8243; _builder_version=&#8221;4.6.3&#8243; _module_preset=&#8221;default&#8221;][et_pb_text _builder_version=&#8221;4.6.3&#8243; _module_preset=&#8221;default&#8221; min_height=&#8221;39px&#8221; custom_margin=&#8221;0px||0px||false|false&#8221; custom_padding=&#8221;0px||0px||false|false&#8221;]<\/p>\n<h2 style=\"text-align: center;\"><span style=\"color: #ffffff; font-size: x-large;\"><strong>Performance<\/strong><\/span><\/h2>\n<p>[\/et_pb_text][et_pb_image src=&#8221;https:\/\/imamusica.com.br\/site\/wp-content\/uploads\/2025\/01\/PHOTO-2025-01-08-19-18-53.jpg&#8221; title_text=&#8221;PHOTO-2025-01-08-19-18-53&#8243; url=&#8221;https:\/\/imamusica.com.br\/site\/cursoperformance\/&#8221; url_new_window=&#8221;on&#8221; align=&#8221;center&#8221; _builder_version=&#8221;4.6.3&#8243; _module_preset=&#8221;default&#8221; width=&#8221;63%&#8221; custom_margin=&#8221;0px||||false|false&#8221;][\/et_pb_image][\/et_pb_column][et_pb_column type=&#8221;1_3&#8243; _builder_version=&#8221;4.6.3&#8243; _module_preset=&#8221;default&#8221;][et_pb_text _builder_version=&#8221;4.6.3&#8243; _module_preset=&#8221;default&#8221; text_text_color=&#8221;#ffffff&#8221; min_height=&#8221;37px&#8221; custom_margin=&#8221;0px||0px||false|false&#8221; custom_padding=&#8221;0px||||false|false&#8221; text_text_shadow_style=&#8221;preset1&#8243;]<\/p>\n<h2 style=\"text-align: center;\"><span style=\"color: #ffffff;\"><strong>Faculdade<\/strong><\/span><\/h2>\n<p>[\/et_pb_text][et_pb_image src=&#8221;https:\/\/imamusica.com.br\/site\/wp-content\/uploads\/2025\/01\/PHOTO-2025-01-08-19-18-36-2.jpg&#8221; title_text=&#8221;PHOTO-2025-01-08-19-18-36 2&#8243; url=&#8221;https:\/\/imamusica.com.br\/site\/faculdadeimaelacm\/&#8221; url_new_window=&#8221;on&#8221; align=&#8221;center&#8221; _builder_version=&#8221;4.6.3&#8243; _module_preset=&#8221;default&#8221; width=&#8221;63%&#8221; custom_margin=&#8221;0px||||false|false&#8221;][\/et_pb_image][\/et_pb_column][\/et_pb_row][\/et_pb_section][et_pb_section fb_built=&#8221;1&#8243; fullwidth=&#8221;on&#8221; _builder_version=&#8221;3.22&#8243; custom_margin=&#8221;-46px|||||&#8221;][et_pb_fullwidth_image _builder_version=&#8221;3.0.92&#8243; custom_margin=&#8221;85px||-69px|||&#8221; custom_padding=&#8221;0px||0px|||&#8221;][\/et_pb_fullwidth_image][\/et_pb_section][et_pb_section fb_built=&#8221;1&#8243; specialty=&#8221;on&#8221; _builder_version=&#8221;4.6.3&#8243; _module_preset=&#8221;default&#8221; background_color=&#8221;#000000&#8243; use_background_color_gradient=&#8221;on&#8221; background_color_gradient_start=&#8221;#ffffff&#8221; background_color_gradient_end=&#8221;#ffffff&#8221; background_color_gradient_type=&#8221;radial&#8221; background_image=&#8221;https:\/\/imamusica.com.br\/site\/wp-content\/uploads\/2025\/01\/Foto-Pedro.jpg&#8221; width=&#8221;100%&#8221; width_tablet=&#8221;&#8221; width_phone=&#8221;100%&#8221; width_last_edited=&#8221;on|phone&#8221; max_width_tablet=&#8221;&#8221; max_width_phone=&#8221;100%&#8221; max_width_last_edited=&#8221;on|phone&#8221; inner_max_width_tablet=&#8221;&#8221; inner_max_width_phone=&#8221;1080%&#8221; inner_max_width_last_edited=&#8221;on|phone&#8221; min_height=&#8221;1000px&#8221; min_height_tablet=&#8221;&#8221; min_height_phone=&#8221;100px&#8221; min_height_last_edited=&#8221;on|phone&#8221; height_tablet=&#8221;&#8221; height_phone=&#8221;329px&#8221; height_last_edited=&#8221;on|phone&#8221; custom_margin=&#8221;-7px||||false|false&#8221; custom_margin_tablet=&#8221;&#8221; custom_margin_phone=&#8221;100px||-10px|0px|false|false&#8221; custom_margin_last_edited=&#8221;on|phone&#8221; custom_padding=&#8221;29px||0px|||&#8221; link_option_url=&#8221;https:\/\/imamusica.com.br\/site\/cursoperformance\/&#8221; link_option_url_new_window=&#8221;on&#8221; background_last_edited=&#8221;on|desktop&#8221; module_alignment_tablet=&#8221;&#8221; module_alignment_phone=&#8221;&#8221; module_alignment_last_edited=&#8221;on|phone&#8221;][et_pb_column type=&#8221;1_2&#8243; _builder_version=&#8221;3.25&#8243; custom_padding=&#8221;|||&#8221; custom_padding__hover=&#8221;|||&#8221;][et_pb_button button_url=&#8221;https:\/\/api.whatsapp.com\/send?phone=5514997755927&#038;text=Ol\u00e1!%20Vim%20pelo%20site%20e%20Gostaria%20de%20agendar%20primeira%20aula%20gratuita&#8221; url_new_window=&#8221;on&#8221; button_text=&#8221;Agendar Aula !&#8221; button_alignment=&#8221;left&#8221; button_alignment_tablet=&#8221;&#8221; button_alignment_phone=&#8221;&#8221; button_alignment_last_edited=&#8221;on|desktop&#8221; _builder_version=&#8221;4.6.3&#8243; _module_preset=&#8221;default&#8221; custom_button=&#8221;on&#8221; button_text_size=&#8221;53px&#8221; button_bg_color=&#8221;#7cda24&#8243; button_border_width=&#8221;4px&#8221; button_border_radius=&#8221;7px&#8221; button_letter_spacing=&#8221;1px&#8221; button_icon=&#8221;%%264%%&#8221; button_icon_placement=&#8221;left&#8221; button_on_hover=&#8221;off&#8221; background_layout=&#8221;dark&#8221; custom_margin=&#8221;15px|||0px|false|false&#8221; custom_margin_tablet=&#8221;&#8221; custom_margin_phone=&#8221;0px|||-10px|false|false&#8221; custom_margin_last_edited=&#8221;on|phone&#8221; custom_padding=&#8221;|10px||70px|false|false&#8221; custom_padding_tablet=&#8221;&#8221; custom_padding_phone=&#8221;|15px||33px|false|false&#8221; custom_padding_last_edited=&#8221;on|desktop&#8221; button_text_size_tablet=&#8221;&#8221; button_text_size_phone=&#8221;16px&#8221; button_text_size_last_edited=&#8221;on|phone&#8221; button_font_tablet=&#8221;&#8221; button_font_phone=&#8221;|800|||||||&#8221; button_font_last_edited=&#8221;on|phone&#8221; button_icon_placement_tablet=&#8221;&#8221; button_icon_placement_phone=&#8221;&#8221; button_icon_placement_last_edited=&#8221;on|phone&#8221; background_layout_tablet=&#8221;&#8221; background_layout_phone=&#8221;dark&#8221; background_layout_last_edited=&#8221;on|phone&#8221;][\/et_pb_button][\/et_pb_column][et_pb_column type=&#8221;1_2&#8243; specialty_columns=&#8221;2&#8243; _builder_version=&#8221;3.25&#8243; custom_padding=&#8221;|||&#8221; custom_padding__hover=&#8221;|||&#8221;][\/et_pb_column][\/et_pb_section][et_pb_section fb_built=&#8221;1&#8243; fullwidth=&#8221;on&#8221; custom_padding_last_edited=&#8221;on|desktop&#8221; _builder_version=&#8221;4.6.3&#8243; _module_preset=&#8221;default&#8221; custom_margin=&#8221;40px||||false|false&#8221; custom_margin_tablet=&#8221;&#8221; custom_margin_phone=&#8221;&#8221; custom_margin_last_edited=&#8221;on|desktop&#8221; custom_padding=&#8221;|10px||10px|false|false&#8221; custom_padding_tablet=&#8221;&#8221; custom_padding_phone=&#8221;&#8221; link_option_url=&#8221;https:\/\/imamusica.com.br\/site\/cursoperformance\/&#8221; link_option_url_new_window=&#8221;on&#8221;][et_pb_fullwidth_image src=&#8221;https:\/\/imamusica.com.br\/site\/wp-content\/uploads\/2025\/01\/curso-perfomance-1.jpeg&#8221; title_text=&#8221;curso perfomance&#8221; _builder_version=&#8221;4.6.3&#8243; _module_preset=&#8221;default&#8221;][\/et_pb_fullwidth_image][\/et_pb_section][et_pb_section fb_built=&#8221;1&#8243; _builder_version=&#8221;4.6.3&#8243; _module_preset=&#8221;default&#8221; background_enable_image=&#8221;off&#8221; background_position=&#8221;top_center&#8221; min_height=&#8221;538px&#8221; min_height_tablet=&#8221;&#8221; min_height_phone=&#8221;&#8221; min_height_last_edited=&#8221;on|desktop&#8221; max_height=&#8221;1200px&#8221; max_height_tablet=&#8221;&#8221; max_height_phone=&#8221;&#8221; max_height_last_edited=&#8221;on|desktop&#8221; custom_margin=&#8221;50px||||false|false&#8221; custom_margin_tablet=&#8221;&#8221; custom_margin_phone=&#8221;15px||||false|false&#8221; custom_margin_last_edited=&#8221;on|phone&#8221; custom_padding=&#8221;4px||35px||false|false&#8221;][et_pb_row _builder_version=&#8221;4.6.3&#8243; _module_preset=&#8221;default&#8221; custom_padding=&#8221;6px||6px|||&#8221;][et_pb_column type=&#8221;4_4&#8243; _builder_version=&#8221;4.6.3&#8243; _module_preset=&#8221;default&#8221;][et_pb_text module_id=&#8221;depoimentos&#8221; _builder_version=&#8221;4.6.3&#8243; text_font=&#8221;Voces|700|||||||&#8221; text_font_size=&#8221;64px&#8221; text_orientation=&#8221;center&#8221; custom_padding=&#8221;16px||33px|||&#8221; text_font_size_tablet=&#8221;&#8221; text_font_size_phone=&#8221;36px&#8221; text_font_size_last_edited=&#8221;on|desktop&#8221;]<\/p>\n<p>Depoimentos:<\/p>\n<p>[\/et_pb_text][\/et_pb_column][\/et_pb_row][et_pb_row column_structure=&#8221;1_2,1_2&#8243; _builder_version=&#8221;4.6.3&#8243; _module_preset=&#8221;default&#8221; custom_margin=&#8221;-5px|auto||auto||&#8221; custom_padding=&#8221;6px||0px|||&#8221;][et_pb_column type=&#8221;1_2&#8243; _builder_version=&#8221;4.6.3&#8243; _module_preset=&#8221;default&#8221;][et_pb_video src=&#8221;https:\/\/youtu.be\/eGWMch_7mkQ&#8221; _builder_version=&#8221;4.6.3&#8243; _module_preset=&#8221;default&#8221; custom_margin=&#8221;||12px|||&#8221; custom_padding=&#8221;||2px|||&#8221;][\/et_pb_video][\/et_pb_column][et_pb_column type=&#8221;1_2&#8243; _builder_version=&#8221;4.6.3&#8243; _module_preset=&#8221;default&#8221;][et_pb_video src=&#8221;https:\/\/youtu.be\/I3uD9BmQzwI&#8221; _builder_version=&#8221;4.6.3&#8243; _module_preset=&#8221;default&#8221;][\/et_pb_video][\/et_pb_column][\/et_pb_row][\/et_pb_section][et_pb_section fb_built=&#8221;1&#8243; module_id=&#8221;sobre&#8221; _builder_version=&#8221;4.6.3&#8243; background_color=&#8221;#FF6600&#8243; use_background_color_gradient=&#8221;on&#8221; background_color_gradient_start=&#8221;#000000&#8243; background_color_gradient_end=&#8221;#ffffff&#8221; background_color_gradient_direction=&#8221;183deg&#8221; background_enable_image=&#8221;off&#8221; background_size=&#8221;initial&#8221; background_position=&#8221;top_center&#8221; min_height=&#8221;738px&#8221; min_height_tablet=&#8221;&#8221; min_height_phone=&#8221;&#8221; min_height_last_edited=&#8221;on|desktop&#8221; custom_margin=&#8221;0px||-25px||false|false&#8221; custom_margin_tablet=&#8221;&#8221; custom_margin_phone=&#8221;100px||||false|false&#8221; custom_margin_last_edited=&#8221;on|phone&#8221; custom_padding=&#8221;0px|0px|0px|0px|false|false&#8221;][et_pb_row column_structure=&#8221;1_2,1_2&#8243; _builder_version=&#8221;4.6.3&#8243; width=&#8221;92%&#8221; max_width=&#8221;1280px&#8221; min_height=&#8221;629px&#8221; min_height_tablet=&#8221;&#8221; min_height_phone=&#8221;&#8221; min_height_last_edited=&#8221;on|desktop&#8221; custom_margin=&#8221;-120px|auto||auto|false|false&#8221; custom_margin_tablet=&#8221;&#8221; custom_margin_phone=&#8221;&#8221; custom_margin_last_edited=&#8221;on|desktop&#8221; custom_padding=&#8221;75px|0px|0px|0px|false|false&#8221;][et_pb_column type=&#8221;1_2&#8243; _builder_version=&#8221;3.25&#8243; custom_padding=&#8221;|||&#8221; custom_padding__hover=&#8221;|||&#8221;][et_pb_text _builder_version=&#8221;4.6.3&#8243; text_font=&#8221;Voces|700|||||||&#8221; text_font_size=&#8221;64px&#8221; background_layout=&#8221;dark&#8221;]<\/p>\n<p>Sobre n\u00f3s<\/p>\n<p>[\/et_pb_text][et_pb_text _builder_version=&#8221;4.6.3&#8243; text_font=&#8221;Voces|700|||||||&#8221; text_font_size=&#8221;17px&#8221; background_layout=&#8221;dark&#8221;]<\/p>\n<p style=\"text-align: justify;\">O Instituto de M\u00fasica Acorde \u00e9 um dos mais conceituados Institutos de M\u00fasica do interior de S\u00e3o Paulo.\u00a0Atuando no meio musical a mais de 30 anos e oferecendo uma diversidade de cursos de especializa\u00e7\u00e3o musical. Formando m\u00fasicos capacitados\u00a0para atuarem no mercado de trabalho\u00a0musical!<\/p>\n<p style=\"text-align: justify;\">Contamos com uma completa infraestrutura com salas de aula equipadas, est\u00fadio para ensaios e grava\u00e7\u00f5es\u00a0e material did\u00e1tico com conte\u00fado exclusivo. Nossos\u00a0professores s\u00e3o formados em Conservat\u00f3rios e nas melhores Institui\u00e7\u00f5es\u00a0de M\u00fasica do pa\u00eds, com\u00a0experi\u00eancia nos mais variados trabalhos musicais.<\/p>\n<p style=\"text-align: justify;\">Nossa meta \u00e9 oferecer um ensino\u00a0de qualidade, superando as expectativas dos alunos, valorizando assim cada centavo investido!<\/p>\n<p>[\/et_pb_text][\/et_pb_column][et_pb_column type=&#8221;1_2&#8243; _builder_version=&#8221;3.25&#8243; custom_padding=&#8221;|||&#8221; custom_padding__hover=&#8221;|||&#8221;][et_pb_video src=&#8221;https:\/\/youtu.be\/ESKEGq6ZRoc?si=1tDxBT9fr9QGl45p&#8221; _builder_version=&#8221;4.6.3&#8243; _module_preset=&#8221;default&#8221;][\/et_pb_video][\/et_pb_column][\/et_pb_row][et_pb_row _builder_version=&#8221;4.6.3&#8243; _module_preset=&#8221;default&#8221;][et_pb_column _builder_version=&#8221;4.6.3&#8243; _module_preset=&#8221;default&#8221; type=&#8221;4_4&#8243;][et_pb_button button_text=&#8221;Saiba Mais !&#8221; _builder_version=&#8221;4.6.3&#8243; _module_preset=&#8221;default&#8221; button_url=&#8221;https:\/\/api.whatsapp.com\/send?phone=5514997755927&#038;text=Ol\u00e1!%20Vim%20pelo%20site%20e%20Gostaria%20de%20saber%20mais%20informa\u00e7\u00f5es&#8221; url_new_window=&#8221;on&#8221; button_alignment=&#8221;center&#8221; background_layout=&#8221;dark&#8221; custom_button=&#8221;on&#8221; button_bg_color=&#8221;#7cda24&#8243; button_bg_enable_color=&#8221;on&#8221; button_text_size=&#8221;31px&#8221; custom_margin_last_edited=&#8221;on|desktop&#8221; custom_margin=&#8221;-120px||||false|false&#8221; button_border_radius=&#8221;9px&#8221; button_border_width=&#8221;6px&#8221; button_font=&#8221;|800|||||||&#8221; button_icon=&#8221;%%264%%&#8221; button_on_hover=&#8221;off&#8221; button_icon_placement=&#8221;left&#8221; custom_padding=&#8221;|||60px|false|false&#8221; hover_enabled=&#8221;0&#8243; sticky_enabled=&#8221;0&#8243; custom_margin_phone=&#8221;20px||||false|false&#8221; button_text_size_last_edited=&#8221;on|desktop&#8221; button_text_size_phone=&#8221;20px&#8221; custom_padding_last_edited=&#8221;on|phone&#8221; custom_padding_phone=&#8221;|||30px|false|false&#8221;][\/et_pb_button][\/et_pb_column][\/et_pb_row][\/et_pb_section][et_pb_section fb_built=&#8221;1&#8243; _builder_version=&#8221;4.6.3&#8243; min_height=&#8221;750px&#8221; min_height_tablet=&#8221;&#8221; min_height_phone=&#8221;&#8221; min_height_last_edited=&#8221;on|desktop&#8221; custom_margin=&#8221;-61px||||false|false&#8221; custom_margin_tablet=&#8221;&#8221; custom_margin_phone=&#8221;20px||||false|false&#8221; custom_margin_last_edited=&#8221;on|phone&#8221; custom_padding=&#8221;|2px|0px|||&#8221;][et_pb_row _builder_version=&#8221;4.6.3&#8243; hover_enabled=&#8221;0&#8243; custom_margin_last_edited=&#8221;on|desktop&#8221; sticky_enabled=&#8221;0&#8243; custom_margin_phone=&#8221;-25px||||false|false&#8221;][et_pb_column type=&#8221;4_4&#8243; _builder_version=&#8221;3.25&#8243; custom_padding=&#8221;|||&#8221; custom_padding__hover=&#8221;|||&#8221;][et_pb_text _builder_version=&#8221;4.6.3&#8243; text_font=&#8221;Voces|700|||||||&#8221; text_font_size=&#8221;32px&#8221; text_orientation=&#8221;center&#8221;]<\/p>\n<p>Parceiros:<\/p>\n<p>[\/et_pb_text][\/et_pb_column][\/et_pb_row][et_pb_row column_structure=&#8221;1_3,1_3,1_3&#8243; _builder_version=&#8221;4.6.3&#8243; _module_preset=&#8221;default&#8221;][et_pb_column type=&#8221;1_3&#8243; _builder_version=&#8221;4.6.3&#8243; _module_preset=&#8221;default&#8221;][et_pb_image src=&#8221;https:\/\/imamusica.com.br\/site\/wp-content\/uploads\/2025\/01\/Logo-LACM.png&#8221; title_text=&#8221;Logo LACM&#8221; _builder_version=&#8221;4.6.3&#8243; _module_preset=&#8221;default&#8221;][\/et_pb_image][\/et_pb_column][et_pb_column type=&#8221;1_3&#8243; _builder_version=&#8221;4.6.3&#8243; _module_preset=&#8221;default&#8221;][et_pb_image src=&#8221;https:\/\/imamusica.com.br\/site\/wp-content\/uploads\/2025\/01\/Logo-La-Salle.png&#8221; title_text=&#8221;Logo La Salle&#8221; _builder_version=&#8221;4.6.3&#8243; _module_preset=&#8221;default&#8221;][\/et_pb_image][\/et_pb_column][et_pb_column type=&#8221;1_3&#8243; _builder_version=&#8221;4.6.3&#8243; _module_preset=&#8221;default&#8221;][et_pb_image src=&#8221;https:\/\/imamusica.com.br\/site\/wp-content\/uploads\/2025\/01\/Logo-Mosh.png&#8221; title_text=&#8221;Logo Mosh&#8221; _builder_version=&#8221;4.6.3&#8243; _module_preset=&#8221;default&#8221;][\/et_pb_image][\/et_pb_column][\/et_pb_row][et_pb_row column_structure=&#8221;1_3,1_3,1_3&#8243; _builder_version=&#8221;4.6.3&#8243; _module_preset=&#8221;default&#8221;][et_pb_column type=&#8221;1_3&#8243; _builder_version=&#8221;4.6.3&#8243; _module_preset=&#8221;default&#8221;][et_pb_image src=&#8221;https:\/\/imamusica.com.br\/site\/wp-content\/uploads\/2020\/06\/Odery.jpg&#8221; title_text=&#8221;Odery&#8221; _builder_version=&#8221;4.6.3&#8243; _module_preset=&#8221;default&#8221;][\/et_pb_image][\/et_pb_column][et_pb_column type=&#8221;1_3&#8243; _builder_version=&#8221;4.6.3&#8243; _module_preset=&#8221;default&#8221;][et_pb_image src=&#8221;https:\/\/imamusica.com.br\/site\/wp-content\/uploads\/2020\/11\/WhatsApp-Image-2020-11-17-at-14.44.19.jpeg&#8221; title_text=&#8221;WhatsApp Image 2020-11-17 at 14.44.19&#8243; _builder_version=&#8221;4.6.3&#8243; _module_preset=&#8221;default&#8221;][\/et_pb_image][\/et_pb_column][et_pb_column type=&#8221;1_3&#8243; _builder_version=&#8221;4.6.3&#8243; _module_preset=&#8221;default&#8221;][et_pb_image src=&#8221;https:\/\/imamusica.com.br\/site\/wp-content\/uploads\/2020\/06\/Casio2.jpg&#8221; title_text=&#8221;Casio2&#8243; _builder_version=&#8221;4.6.3&#8243; _module_preset=&#8221;default&#8221;][\/et_pb_image][\/et_pb_column][\/et_pb_row][\/et_pb_section]<\/p>\n<div style=\"padding-bottom:20px; padding-top:10px;\" class=\"hupso-share-buttons\"><!-- Hupso Share Buttons - https:\/\/www.hupso.com\/share\/ --><a class=\"hupso_counters\" href=\"https:\/\/www.hupso.com\/share\/\"><img decoding=\"async\" src=\"https:\/\/static.hupso.com\/share\/buttons\/dot.png\" style=\"border:0px; padding-top:2px; float:left;\" alt=\"Share Button\"\/><\/a><script type=\"text\/javascript\">var hupso_services_c=new Array();var hupso_counters_lang = \"pt_BR\";var hupso_image_folder_url = \"\";var hupso_url_c=\"\";<\/script><script type=\"text\/javascript\" src=\"https:\/\/static.hupso.com\/share\/js\/counters.js\"><\/script><!-- Hupso Share Buttons --><\/div>","protected":false},"excerpt":{"rendered":"<p>Curso LivrePerformanceFaculdadeDepoimentos:Sobre n\u00f3sO Instituto de M\u00fasica Acorde \u00e9 um dos mais conceituados Institutos de M\u00fasica do interior de S\u00e3o Paulo.\u00a0Atuando no meio musical a mais de 30 anos e oferecendo uma diversidade de cursos de especializa\u00e7\u00e3o musical. Formando m\u00fasicos capacitados\u00a0para atuarem no mercado de trabalho\u00a0musical! Contamos com uma completa infraestrutura com salas de aula equipadas, [&hellip;]<\/p>\n","protected":false},"author":1,"featured_media":0,"parent":0,"menu_order":0,"comment_status":"closed","ping_status":"closed","template":"","meta":{"_et_pb_use_builder":"on","_et_pb_old_content":"","_et_gb_content_width":"","_monsterinsights_skip_tracking":false,"_monsterinsights_sitenote_active":false,"_monsterinsights_sitenote_note":"","_monsterinsights_sitenote_category":0,"footnotes":""},"class_list":["post-1444","page","type-page","status-publish","hentry"],"_links":{"self":[{"href":"https:\/\/imamusica.com.br\/site\/wp-json\/wp\/v2\/pages\/1444","targetHints":{"allow":["GET"]}}],"collection":[{"href":"https:\/\/imamusica.com.br\/site\/wp-json\/wp\/v2\/pages"}],"about":[{"href":"https:\/\/imamusica.com.br\/site\/wp-json\/wp\/v2\/types\/page"}],"author":[{"embeddable":true,"href":"https:\/\/imamusica.com.br\/site\/wp-json\/wp\/v2\/users\/1"}],"replies":[{"embeddable":true,"href":"https:\/\/imamusica.com.br\/site\/wp-json\/wp\/v2\/comments?post=1444"}],"version-history":[{"count":176,"href":"https:\/\/imamusica.com.br\/site\/wp-json\/wp\/v2\/pages\/1444\/revisions"}],"predecessor-version":[{"id":2069,"href":"https:\/\/imamusica.com.br\/site\/wp-json\/wp\/v2\/pages\/1444\/revisions\/2069"}],"wp:attachment":[{"href":"https:\/\/imamusica.com.br\/site\/wp-json\/wp\/v2\/media?parent=1444"}],"curies":[{"name":"wp","href":"https:\/\/api.w.org\/{rel}","templated":true}]}}